{"id":61,"date":"2026-01-18T02:23:48","date_gmt":"2026-01-18T01:23:48","guid":{"rendered":"https:\/\/interactive-sonification.org\/icad2026\/?page_id=61"},"modified":"2026-01-18T02:23:48","modified_gmt":"2026-01-18T01:23:48","slug":"impressum","status":"publish","type":"page","link":"https:\/\/interactive-sonification.org\/icad2026\/impressum\/","title":{"rendered":"Impressum"},"content":{"rendered":"\n<p><strong>Angaben gem\u00e4\u00df \u00a7\u202f5 TMG:<\/strong><\/p>\n\n\n\n<p><strong>Universit\u00e4t Bielefeld<\/strong><br>Universit\u00e4tsstra\u00dfe 25<br>33615 Bielefeld<br>Deutschland&nbsp;<\/p>\n\n\n\n<p><strong>Betreiber der Website \/ Diensteanbieter:<\/strong><br>International Conference on Auditory Display (ICAD 2026)<br>c\/o Ambient Intelligence Group<br>Universit\u00e4t Bielefeld\u00a0<\/p>\n\n\n\n<p><strong>Kontakt:<\/strong><br>Telefon: +49 (0)521 106\u201112140<br>E\u2011Mail:\u00a0<a href=\"mailto:icad2026@techfak.uni-bielefeld.de\">thermann@techfak.uni-bielefeld.de<\/a><\/p>\n\n\n\n<p><strong>Vertretungsberechtigte Person:<\/strong><br>Die Universit\u00e4t Bielefeld wird vertreten durch die Rektorin\/den Rektor.<\/p>\n\n\n\n<p><strong>Verantwortlich f\u00fcr den Inhalt nach \u00a7\u202f18 Abs.\u202f2 MStV:<\/strong><br>Thomas Hermann<br>Ambient Intelligence Group<br>Inspiration 1<br>33615 Bielefeld<br>Deutschland&nbsp;<\/p>\n\n\n\n<p><strong>Haftungsausschluss:<\/strong><br>Trotz sorgf\u00e4ltiger inhaltlicher Kontrolle \u00fcbernehmen wir keine Haftung f\u00fcr die Inhalte externer Links. F\u00fcr den Inhalt der verlinkten Seiten sind ausschlie\u00dflich deren Betreiber verantwortlich.<\/p>\n\n\n\n<hr class=\"wp-block-separator has-alpha-channel-opacity\"\/>\n","protected":false},"excerpt":{"rendered":"<p>Angaben gem\u00e4\u00df \u00a7\u202f5 TMG: Universit\u00e4t BielefeldUniversit\u00e4tsstra\u00dfe 2533615 BielefeldDeutschland&nbsp; Betreiber der Website \/ Diensteanbieter:International Conference on Auditory Display (ICAD 2026)c\/o Ambient Intelligence GroupUniversit\u00e4t Bielefeld\u00a0 Kontakt:Telefon: +49 (0)521 106\u201112140E\u2011Mail:\u00a0thermann@techfak.uni-bielefeld.de Vertretungsberechtigte Person:Die Universit\u00e4t Bielefeld wird vertreten durch die Rektorin\/den Rektor. Verantwortlich f\u00fcr den Inhalt nach \u00a7\u202f18 Abs.\u202f2 MStV:Thomas HermannAmbient Intelligence GroupInspiration 133615 BielefeldDeutschland&nbsp; Haftungsausschluss:Trotz sorgf\u00e4ltiger inhaltlicher Kontrolle \u00fcbernehmen [&hellip;]<\/p>\n","protected":false},"author":1,"featured_media":0,"parent":0,"menu_order":0,"comment_status":"closed","ping_status":"closed","template":"","meta":{"footnotes":""},"class_list":["post-61","page","type-page","status-publish","hentry"],"_links":{"self":[{"href":"https:\/\/interactive-sonification.org\/icad2026\/wp-json\/wp\/v2\/pages\/61","targetHints":{"allow":["GET"]}}],"collection":[{"href":"https:\/\/interactive-sonification.org\/icad2026\/wp-json\/wp\/v2\/pages"}],"about":[{"href":"https:\/\/interactive-sonification.org\/icad2026\/wp-json\/wp\/v2\/types\/page"}],"author":[{"embeddable":true,"href":"https:\/\/interactive-sonification.org\/icad2026\/wp-json\/wp\/v2\/users\/1"}],"replies":[{"embeddable":true,"href":"https:\/\/interactive-sonification.org\/icad2026\/wp-json\/wp\/v2\/comments?post=61"}],"version-history":[{"count":1,"href":"https:\/\/interactive-sonification.org\/icad2026\/wp-json\/wp\/v2\/pages\/61\/revisions"}],"predecessor-version":[{"id":62,"href":"https:\/\/interactive-sonification.org\/icad2026\/wp-json\/wp\/v2\/pages\/61\/revisions\/62"}],"wp:attachment":[{"href":"https:\/\/interactive-sonification.org\/icad2026\/wp-json\/wp\/v2\/media?parent=61"}],"curies":[{"name":"wp","href":"https:\/\/api.w.org\/{rel}","templated":true}]}}